{"id":1649,"date":"2021-05-06T18:50:08","date_gmt":"2021-05-06T18:50:08","guid":{"rendered":"https:\/\/himher.com.co\/?post_type=product&#038;p=1649"},"modified":"2021-05-06T18:53:33","modified_gmt":"2021-05-06T18:53:33","slug":"homeoffice-2","status":"publish","type":"product","link":"https:\/\/himher.com.co\/index.php\/producto\/homeoffice-2\/","title":{"rendered":"Homeoffice #2"},"content":{"rendered":"<p>La l\u00ednea Active Components, gracias a su integraci\u00f3n con la gama de productos de Haworth, contribuye a mejorar la eficiencia en espacios reducidos con productos que respaldan el rendimiento de los usuarios, los cambios de postura, la personalizaci\u00f3n, la colaboraci\u00f3n y la concentraci\u00f3n en el trabajo.<\/p>\n","protected":false},"excerpt":{"rendered":"<p>La l\u00ednea Active Components, gracias a su integraci\u00f3n con la gama de productos de Haworth, contribuye a mejorar la eficiencia en espacios reducidos con productos que respaldan el rendimiento de los usuarios, los cambios de postura, la personalizaci\u00f3n, la colaboraci\u00f3n y la concentraci\u00f3n en el trabajo.<\/p>\n","protected":false},"featured_media":1653,"comment_status":"open","ping_status":"closed","template":"","meta":[],"product_cat":[22],"product_tag":[],"class_list":["post-1649","product","type-product","status-publish","has-post-thumbnail","hentry","product_cat-home-office"],"_links":{"self":[{"href":"https:\/\/himher.com.co\/index.php\/wp-json\/wp\/v2\/product\/1649","targetHints":{"allow":["GET"]}}],"collection":[{"href":"https:\/\/himher.com.co\/index.php\/wp-json\/wp\/v2\/product"}],"about":[{"href":"https:\/\/himher.com.co\/index.php\/wp-json\/wp\/v2\/types\/product"}],"replies":[{"embeddable":true,"href":"https:\/\/himher.com.co\/index.php\/wp-json\/wp\/v2\/comments?post=1649"}],"wp:featuredmedia":[{"embeddable":true,"href":"https:\/\/himher.com.co\/index.php\/wp-json\/wp\/v2\/media\/1653"}],"wp:attachment":[{"href":"https:\/\/himher.com.co\/index.php\/wp-json\/wp\/v2\/media?parent=1649"}],"wp:term":[{"taxonomy":"product_cat","embeddable":true,"href":"https:\/\/himher.com.co\/index.php\/wp-json\/wp\/v2\/product_cat?post=1649"},{"taxonomy":"product_tag","embeddable":true,"href":"https:\/\/himher.com.co\/index.php\/wp-json\/wp\/v2\/product_tag?post=1649"}],"curies":[{"name":"wp","href":"https:\/\/api.w.org\/{rel}","templated":true}]}}