{"id":1643,"date":"2021-05-06T18:43:02","date_gmt":"2021-05-06T18:43:02","guid":{"rendered":"https:\/\/himher.com.co\/?post_type=product&#038;p=1643"},"modified":"2021-05-06T18:49:56","modified_gmt":"2021-05-06T18:49:56","slug":"homeoffice-1","status":"publish","type":"product","link":"https:\/\/himher.com.co\/index.php\/producto\/homeoffice-1\/","title":{"rendered":"Homeoffice #1"},"content":{"rendered":"<p>Be_Hold es un sistema organizativo \u00fanico que va m\u00e1s all\u00e1 de la finalidad funcional del archivo para ofrecer un vistoso elemento de dise\u00f1o. La finalidad del sistema Be_Hold es estructurar los espacios y facilitar diversos estilos de trabajo \u2014desde los m\u00e1s colaborativos hasta los que requieren m\u00e1s concentraci\u00f3n\u2014, al tiempo que se saca partido a los elementos de dise\u00f1o que transforman el lugar de trabajo.<\/p>\n<p><strong>Armarios coloridos.<\/strong><br \/>\nBe_Hold es un sistema de organizaci\u00f3n \u00fanico disponible en una amplia gama de colores, materiales y elementos funcionales.<\/p>\n<p>La paleta de acabados de Be_Hold equilibra colores fr\u00edos y c\u00e1lidos extra\u00eddos de la naturaleza, mientras que el metal perforado, las traseras tapizadas y los tableros de madera aportan a las oficinas una personalidad individual sin dividir equipos o culturas.<\/p>\n<p><strong>Archivo b\u00e1sico<\/strong><br \/>\nBe_Hold Element complementa a Be_Hold Design con una reducida gama de aplicaciones.<\/p>\n<p>Ofrece una est\u00e9tica sencilla y uniforme sin limitar sus posibilidades funcionales.<\/p>\n<p><strong>Archivo funcional.<\/strong><br \/>\nBe_Hold es mucho m\u00e1s que un mueble de oficina: su dise\u00f1o centrado en las personas permite estructurar lugares para proporcionar soporte a estilos de trabajo diferentes, ya sea dividiendo el espacio para crear privacidad o creando una mesa de reuniones integrada entre m\u00f3dulos de archivo que incorpore tomas de electrificaci\u00f3n y bandeja porta-objetos que estimulen el trabajo en equipo creativo.<\/p>\n","protected":false},"excerpt":{"rendered":"<p>Be_Hold es un sistema organizativo \u00fanico que va m\u00e1s all\u00e1 de la finalidad funcional del archivo para ofrecer un vistoso elemento de dise\u00f1o. La finalidad del sistema Be_Hold es estructurar los espacios y facilitar diversos estilos de trabajo \u2014desde los m\u00e1s colaborativos hasta los que requieren m\u00e1s concentraci\u00f3n\u2014, al tiempo que se saca partido a los elementos de dise\u00f1o que transforman el lugar de trabajo.<\/p>\n","protected":false},"featured_media":1645,"comment_status":"open","ping_status":"closed","template":"","meta":[],"product_cat":[22],"product_tag":[],"class_list":["post-1643","product","type-product","status-publish","has-post-thumbnail","hentry","product_cat-home-office"],"_links":{"self":[{"href":"https:\/\/himher.com.co\/index.php\/wp-json\/wp\/v2\/product\/1643","targetHints":{"allow":["GET"]}}],"collection":[{"href":"https:\/\/himher.com.co\/index.php\/wp-json\/wp\/v2\/product"}],"about":[{"href":"https:\/\/himher.com.co\/index.php\/wp-json\/wp\/v2\/types\/product"}],"replies":[{"embeddable":true,"href":"https:\/\/himher.com.co\/index.php\/wp-json\/wp\/v2\/comments?post=1643"}],"wp:featuredmedia":[{"embeddable":true,"href":"https:\/\/himher.com.co\/index.php\/wp-json\/wp\/v2\/media\/1645"}],"wp:attachment":[{"href":"https:\/\/himher.com.co\/index.php\/wp-json\/wp\/v2\/media?parent=1643"}],"wp:term":[{"taxonomy":"product_cat","embeddable":true,"href":"https:\/\/himher.com.co\/index.php\/wp-json\/wp\/v2\/product_cat?post=1643"},{"taxonomy":"product_tag","embeddable":true,"href":"https:\/\/himher.com.co\/index.php\/wp-json\/wp\/v2\/product_tag?post=1643"}],"curies":[{"name":"wp","href":"https:\/\/api.w.org\/{rel}","templated":true}]}}