{"id":1638,"date":"2021-05-06T17:53:48","date_gmt":"2021-05-06T17:53:48","guid":{"rendered":"https:\/\/himher.com.co\/?post_type=product&#038;p=1638"},"modified":"2021-05-06T18:10:02","modified_gmt":"2021-05-06T18:10:02","slug":"mesa-3","status":"publish","type":"product","link":"https:\/\/himher.com.co\/index.php\/producto\/mesa-3\/","title":{"rendered":"Mesa #3"},"content":{"rendered":"<p><strong>Transforme sus espacios.<\/strong><br \/>\nSu sencillo dise\u00f1o es capaz de dar soporte tanto a un puesto de trabajo individual como a un bench para trabajo en equipo, una soluci\u00f3n de reuni\u00f3n o incluso una mesa de direcci\u00f3n.<\/p>\n<p>Obtenga soluciones.<br \/>\nLa mesa Kiron ofrece la posibilidad de elegir distintos tipos de pata (pata A, pata recta o pata T) y est\u00e1 disponible en dos versiones: altura fija o regulable, pudiendo en la segunda de ellas realizarse el ajuste de forma manual o mediante motor. La gama se complementa con diversos accesorios y soluciones de archivo personal.<\/p>\n<p>Aj\u00fastela a sus medidas.<br \/>\nKiron crece seg\u00fan lo hacen sus necesidades. Con altura de tablero de hasta 130cm, Kiron puede adaptarse a una amplia variedad de tareas y requerimientos del usuario. Su altura puede modificarse por motor, mediante una manivela, con una rosca giratoria o utilizando una llave allen.<\/p>\n","protected":false},"excerpt":{"rendered":"<p>Andreas Struppler dise\u00f1\u00f3 Kiron para satisfacer las necesidades actuales y las previsibles en el futuro. Su flexibilidad y su enfoque global son las principales caracter\u00edsticas de este moderno sistema de mesas.<\/p>\n","protected":false},"featured_media":1641,"comment_status":"open","ping_status":"closed","template":"","meta":[],"product_cat":[21],"product_tag":[],"class_list":["post-1638","product","type-product","status-publish","has-post-thumbnail","hentry","product_cat-mesas"],"_links":{"self":[{"href":"https:\/\/himher.com.co\/index.php\/wp-json\/wp\/v2\/product\/1638","targetHints":{"allow":["GET"]}}],"collection":[{"href":"https:\/\/himher.com.co\/index.php\/wp-json\/wp\/v2\/product"}],"about":[{"href":"https:\/\/himher.com.co\/index.php\/wp-json\/wp\/v2\/types\/product"}],"replies":[{"embeddable":true,"href":"https:\/\/himher.com.co\/index.php\/wp-json\/wp\/v2\/comments?post=1638"}],"wp:featuredmedia":[{"embeddable":true,"href":"https:\/\/himher.com.co\/index.php\/wp-json\/wp\/v2\/media\/1641"}],"wp:attachment":[{"href":"https:\/\/himher.com.co\/index.php\/wp-json\/wp\/v2\/media?parent=1638"}],"wp:term":[{"taxonomy":"product_cat","embeddable":true,"href":"https:\/\/himher.com.co\/index.php\/wp-json\/wp\/v2\/product_cat?post=1638"},{"taxonomy":"product_tag","embeddable":true,"href":"https:\/\/himher.com.co\/index.php\/wp-json\/wp\/v2\/product_tag?post=1638"}],"curies":[{"name":"wp","href":"https:\/\/api.w.org\/{rel}","templated":true}]}}