{"id":1634,"date":"2021-05-06T17:50:00","date_gmt":"2021-05-06T17:50:00","guid":{"rendered":"https:\/\/himher.com.co\/?post_type=product&#038;p=1634"},"modified":"2021-05-06T17:53:21","modified_gmt":"2021-05-06T17:53:21","slug":"mesa-2","status":"publish","type":"product","link":"https:\/\/himher.com.co\/index.php\/producto\/mesa-2\/","title":{"rendered":"Mesa #2"},"content":{"rendered":"<p>La mesa de trabajo A_Wood, c\u00e1lida y natural, se adapta a nuevos estilos de trabajo y permite crear entornos c\u00f3modos, agradables y din\u00e1micos. Transforma los espacios de trabajo en entornos vitales que invitan a la inspiraci\u00f3n.<\/p>\n","protected":false},"excerpt":{"rendered":"<p>La gama A_Wood aporta un car\u00e1cter residencial a los espacios de trabajo. Est\u00e1 disponible como mesa independiente, para formar benchs, o tambi\u00e9n en tama\u00f1os m\u00e1s grandes, perfectas para espacios dedicados a reuniones informales.<\/p>\n","protected":false},"featured_media":1635,"comment_status":"open","ping_status":"closed","template":"","meta":[],"product_cat":[21],"product_tag":[],"class_list":["post-1634","product","type-product","status-publish","has-post-thumbnail","hentry","product_cat-mesas"],"_links":{"self":[{"href":"https:\/\/himher.com.co\/index.php\/wp-json\/wp\/v2\/product\/1634","targetHints":{"allow":["GET"]}}],"collection":[{"href":"https:\/\/himher.com.co\/index.php\/wp-json\/wp\/v2\/product"}],"about":[{"href":"https:\/\/himher.com.co\/index.php\/wp-json\/wp\/v2\/types\/product"}],"replies":[{"embeddable":true,"href":"https:\/\/himher.com.co\/index.php\/wp-json\/wp\/v2\/comments?post=1634"}],"wp:featuredmedia":[{"embeddable":true,"href":"https:\/\/himher.com.co\/index.php\/wp-json\/wp\/v2\/media\/1635"}],"wp:attachment":[{"href":"https:\/\/himher.com.co\/index.php\/wp-json\/wp\/v2\/media?parent=1634"}],"wp:term":[{"taxonomy":"product_cat","embeddable":true,"href":"https:\/\/himher.com.co\/index.php\/wp-json\/wp\/v2\/product_cat?post=1634"},{"taxonomy":"product_tag","embeddable":true,"href":"https:\/\/himher.com.co\/index.php\/wp-json\/wp\/v2\/product_tag?post=1634"}],"curies":[{"name":"wp","href":"https:\/\/api.w.org\/{rel}","templated":true}]}}