{"id":1631,"date":"2021-05-06T17:45:04","date_gmt":"2021-05-06T17:45:04","guid":{"rendered":"https:\/\/himher.com.co\/?post_type=product&#038;p=1631"},"modified":"2021-05-06T17:48:39","modified_gmt":"2021-05-06T17:48:39","slug":"mesa-1","status":"publish","type":"product","link":"https:\/\/himher.com.co\/index.php\/producto\/mesa-1\/","title":{"rendered":"Mesa #1"},"content":{"rendered":"<p><strong>Una soluci\u00f3n din\u00e1mica<\/strong><br \/>\nLos espacios de trabajo actuales necesitan acoger estilos de trabajo \u00e1giles a la vez que ofrecen un r\u00e1pido soporte a las necesidades del d\u00eda a d\u00eda.<\/p>\n<p>Los accesorios de la gama permiten personalizar sus herramientas a los estilos de trabajo de cada individuo.<\/p>\n<p><strong>Una soluci\u00f3n global.<\/strong><br \/>\nIntuity simboliza un nuevo enfoque del mobiliario de oficina, basado en la utilizaci\u00f3n de componentes integrados para crear espacios de trabajo personalizados \u00fanicos.<\/p>\n<p>Los puestos de trabajo Intuity crean un entorno de trabajo din\u00e1mico proporcionando una gama infinita de posibilidades de configuraci\u00f3n.<\/p>\n","protected":false},"excerpt":{"rendered":"<p>Dise\u00f1ado por Haworth Design Studio y Bangdesign para proporcionar soporte a los estilos de trabajo en evoluci\u00f3n, en cualquier parte del mundo. Las mesas Intuity permiten aprovechar al m\u00e1ximo el espacio gracias a un kit de componentes que pueden ser f\u00e1cilmente reconfigurables.<\/p>\n","protected":false},"featured_media":1632,"comment_status":"open","ping_status":"closed","template":"","meta":[],"product_cat":[21],"product_tag":[],"class_list":["post-1631","product","type-product","status-publish","has-post-thumbnail","hentry","product_cat-mesas"],"_links":{"self":[{"href":"https:\/\/himher.com.co\/index.php\/wp-json\/wp\/v2\/product\/1631","targetHints":{"allow":["GET"]}}],"collection":[{"href":"https:\/\/himher.com.co\/index.php\/wp-json\/wp\/v2\/product"}],"about":[{"href":"https:\/\/himher.com.co\/index.php\/wp-json\/wp\/v2\/types\/product"}],"replies":[{"embeddable":true,"href":"https:\/\/himher.com.co\/index.php\/wp-json\/wp\/v2\/comments?post=1631"}],"wp:featuredmedia":[{"embeddable":true,"href":"https:\/\/himher.com.co\/index.php\/wp-json\/wp\/v2\/media\/1632"}],"wp:attachment":[{"href":"https:\/\/himher.com.co\/index.php\/wp-json\/wp\/v2\/media?parent=1631"}],"wp:term":[{"taxonomy":"product_cat","embeddable":true,"href":"https:\/\/himher.com.co\/index.php\/wp-json\/wp\/v2\/product_cat?post=1631"},{"taxonomy":"product_tag","embeddable":true,"href":"https:\/\/himher.com.co\/index.php\/wp-json\/wp\/v2\/product_tag?post=1631"}],"curies":[{"name":"wp","href":"https:\/\/api.w.org\/{rel}","templated":true}]}}