{"id":1626,"date":"2021-05-06T17:41:11","date_gmt":"2021-05-06T17:41:11","guid":{"rendered":"https:\/\/himher.com.co\/?post_type=product&#038;p=1626"},"modified":"2021-05-06T20:34:54","modified_gmt":"2021-05-06T20:34:54","slug":"silla-3","status":"publish","type":"product","link":"https:\/\/himher.com.co\/index.php\/producto\/silla-3\/","title":{"rendered":"Silla #3"},"content":{"rendered":"<p>La calidad es lo primero. El dise\u00f1o y la capacidad innovadora de Haworth son el resultado de d\u00e9cadas de b\u00fasqueda de la excelencia en el dise\u00f1o de sillas de trabajo.<\/p>\n<p>Inteligente, flexible y c\u00f3moda, Aloha es el equilibrio perfecto entre precio y rendimiento. Disfruta de una experiencia de posici\u00f3n sentada intuitiva y ergon\u00f3mica, simplificada por la reducci\u00f3n de ajustes.<\/p>\n<p>Con su c\u00f3modo asiento, brazos 4D o regulables en altura, respaldo con bloqueo en tres posiciones y soporte lumbar ajustable (opcional), Aloha se adapta a una gran cantidad de personas y estilos de trabajo.<\/p>\n<p>Aloha te acompa\u00f1a para que puedas dar lo mejor de ti, en cualquier circunstancia.<\/p>\n","protected":false},"excerpt":{"rendered":"<p>Aloha Active: la experiencia intuitiva de la posici\u00f3n sentada. Una est\u00e9tica sencilla y una comodidad asombrosa. \u00a1La nueva estrella de las sillas de oficina al alcance de todos los presupuestos! Haworth se ha basado en su experiencia en el desarrollo de siller\u00eda de trabajo para combinar comodidad y tecnolog\u00eda de vanguardia. Aloha aporta una dimensi\u00f3n instintiva y funcional a la silla operativa. Su estudiado dise\u00f1o y su innovador mecanismo activado por el peso del usuario optimizan su experiencia de posici\u00f3n sentada sin comprometer la calidad y la comodidad.<\/p>\n","protected":false},"featured_media":1627,"comment_status":"open","ping_status":"closed","template":"","meta":[],"product_cat":[20],"product_tag":[],"class_list":["post-1626","product","type-product","status-publish","has-post-thumbnail","hentry","product_cat-sillas"],"_links":{"self":[{"href":"https:\/\/himher.com.co\/index.php\/wp-json\/wp\/v2\/product\/1626","targetHints":{"allow":["GET"]}}],"collection":[{"href":"https:\/\/himher.com.co\/index.php\/wp-json\/wp\/v2\/product"}],"about":[{"href":"https:\/\/himher.com.co\/index.php\/wp-json\/wp\/v2\/types\/product"}],"replies":[{"embeddable":true,"href":"https:\/\/himher.com.co\/index.php\/wp-json\/wp\/v2\/comments?post=1626"}],"wp:featuredmedia":[{"embeddable":true,"href":"https:\/\/himher.com.co\/index.php\/wp-json\/wp\/v2\/media\/1627"}],"wp:attachment":[{"href":"https:\/\/himher.com.co\/index.php\/wp-json\/wp\/v2\/media?parent=1626"}],"wp:term":[{"taxonomy":"product_cat","embeddable":true,"href":"https:\/\/himher.com.co\/index.php\/wp-json\/wp\/v2\/product_cat?post=1626"},{"taxonomy":"product_tag","embeddable":true,"href":"https:\/\/himher.com.co\/index.php\/wp-json\/wp\/v2\/product_tag?post=1626"}],"curies":[{"name":"wp","href":"https:\/\/api.w.org\/{rel}","templated":true}]}}