{"id":1615,"date":"2021-05-06T17:32:19","date_gmt":"2021-05-06T17:32:19","guid":{"rendered":"https:\/\/himher.com.co\/?post_type=product&#038;p=1615"},"modified":"2021-05-06T20:34:04","modified_gmt":"2021-05-06T20:34:04","slug":"silla-1","status":"publish","type":"product","link":"https:\/\/himher.com.co\/index.php\/producto\/silla-1\/","title":{"rendered":"Silla #1"},"content":{"rendered":"<p><strong>El mundo del trabajo cambia constantemente<\/strong><br \/>\nLas pr\u00e1cticas de trabajo flexibles han aumentado la cantidad y variedad de espacios de trabajo no asignados y han agregado complejidad al dise\u00f1o del espacio de trabajo.<\/p>\n<p>Los espacios de oficina se han vuelto cada vez m\u00e1s vers\u00e1tiles para acomodar diferentes tareas y comportamientos de una fuerza de trabajo en constante cambio.<\/p>\n<p><strong>Trabajo Tradicional vs \u00c1gil<\/strong><br \/>\nLos trabajadores \u00e1giles no quieren invertir tiempo en ajustar una silla de trabajo en la que se sientan durante per\u00edodos de tiempo cortos. El ambiente de trabajo ideal para el trabajador del conocimiento del ma\u00f1ana proporciona soporte donde se necesita y libertad donde se desea.<\/p>\n<p><strong>Nia. La primera silla Active Seating<\/strong><br \/>\nNia est\u00e1 dise\u00f1ada para combinar el estilo y la comodidad de una silla lounge con el rendimiento de una silla de trabajo, creando una soluci\u00f3n para muchos entornos de trabajo diferentes, desde salas de reuniones a espacios de trabajo de concentraci\u00f3n y zonas de colaboraci\u00f3n.<\/p>\n","protected":false},"excerpt":{"rendered":"<p><strong>El mundo del trabajo cambia constantemente<\/strong><br \/>\nLas pr\u00e1cticas de trabajo flexibles han aumentado la cantidad y variedad de espacios de trabajo no asignados y han agregado complejidad al dise\u00f1o del espacio de trabajo.<\/p>\n<p>Los espacios de oficina se han vuelto cada vez m\u00e1s vers\u00e1tiles para acomodar diferentes tareas y comportamientos de una fuerza de trabajo en constante cambio.<\/p>\n","protected":false},"featured_media":1619,"comment_status":"open","ping_status":"closed","template":"","meta":[],"product_cat":[20],"product_tag":[],"class_list":["post-1615","product","type-product","status-publish","has-post-thumbnail","hentry","product_cat-sillas"],"_links":{"self":[{"href":"https:\/\/himher.com.co\/index.php\/wp-json\/wp\/v2\/product\/1615","targetHints":{"allow":["GET"]}}],"collection":[{"href":"https:\/\/himher.com.co\/index.php\/wp-json\/wp\/v2\/product"}],"about":[{"href":"https:\/\/himher.com.co\/index.php\/wp-json\/wp\/v2\/types\/product"}],"replies":[{"embeddable":true,"href":"https:\/\/himher.com.co\/index.php\/wp-json\/wp\/v2\/comments?post=1615"}],"wp:featuredmedia":[{"embeddable":true,"href":"https:\/\/himher.com.co\/index.php\/wp-json\/wp\/v2\/media\/1619"}],"wp:attachment":[{"href":"https:\/\/himher.com.co\/index.php\/wp-json\/wp\/v2\/media?parent=1615"}],"wp:term":[{"taxonomy":"product_cat","embeddable":true,"href":"https:\/\/himher.com.co\/index.php\/wp-json\/wp\/v2\/product_cat?post=1615"},{"taxonomy":"product_tag","embeddable":true,"href":"https:\/\/himher.com.co\/index.php\/wp-json\/wp\/v2\/product_tag?post=1615"}],"curies":[{"name":"wp","href":"https:\/\/api.w.org\/{rel}","templated":true}]}}